{"id":24357,"date":"2021-01-05T22:31:33","date_gmt":"2021-01-05T22:31:33","guid":{"rendered":"http:\/\/facilere.it\/blog\/?page_id=24357"},"modified":"2021-02-12T23:34:34","modified_gmt":"2021-02-12T23:34:34","slug":"chi-siamo","status":"publish","type":"page","link":"https:\/\/www.facilere.it\/blog\/chi-siamo\/","title":{"rendered":"Chi Siamo"},"content":{"rendered":"<p>[et_pb_section fb_built=&#8221;1&#8243; admin_label=&#8221;section&#8221; _builder_version=&#8221;3.22&#8243;][et_pb_row admin_label=&#8221;row&#8221; _builder_version=&#8221;3.25&#8243; background_size=&#8221;initial&#8221; background_position=&#8221;top_left&#8221; background_repeat=&#8221;repeat&#8221;][et_pb_column type=&#8221;4_4&#8243; _builder_version=&#8221;3.25&#8243; custom_padding=&#8221;|||&#8221; custom_padding__hover=&#8221;|||&#8221;][et_pb_text admin_label=&#8221;Text&#8221; _builder_version=&#8221;3.27.4&#8243; background_size=&#8221;initial&#8221; background_position=&#8221;top_left&#8221; background_repeat=&#8221;repeat&#8221;]<\/p>\n<p><strong>FacileRE \u00e8 il nuovo brand di BBC Solution che raggruppa tutti i servizi sviluppati in oltre 15 anni di esperienza.<\/strong><\/p>\n<p>L&#8217;azienda, nata nel 2006, \u00e8 costituita da un team di esperti con specifiche competenze del settore immobiliare, delle moderne tecniche informatiche e del mondo internet, leader nel fornire servizi e soluzioni in cloud e on-line.<\/p>\n<p>BBC Solution lavora sia con singole agenzie che in modalit\u00e0 B2B collaborando con i pi\u00f9 importanti gruppi e portali del settore, con prodotti sempre all&#8217;avanguardia e pensati per dare strumenti che permettano di ottimizzare il proprio lavoro.<\/p>\n<p>FacileRE nasce dalla necessit\u00e0 di voler raggruppare in un unico brand una gamma di servizi essenziali per il ruolo di agente immobiliare sempre alla portata di tutti grazie alla sua tecnologia intuitiva ed accattivante.<\/p>\n<p>Nato dall\u2019acronimo di Real Estate e la parola Facile, aggettivo che vuole rappresentare i servizi offerti dal nuovo brand, si basa sui solidi pilastri della semplicit\u00e0 dell\u2019utilizzo e del risparmio del tempo dell\u2019agente immobiliare.<\/p>\n<p><strong>\u00a0\u00a0\u00a0<img loading=\"lazy\" decoding=\"async\" class=\"alignnone  wp-image-24492\" src=\"http:\/\/facilere.it\/blog\/wp-content\/uploads\/2021\/02\/soluzioneportali.png\" alt=\"\" width=\"426\" height=\"73\" \/><\/strong><\/p>\n<p><strong>Soluzione Portali<\/strong> \u00e8 un servizio facile e dinamico che ti aiuta, grazie a pochi e semplici passaggi, a promuovere i tuoi annunci immobiliari su decine di portali nazionali facendoti risparmiare tempo prezioso per la tua attivit\u00e0.<\/p>\n<p><img loading=\"lazy\" decoding=\"async\" class=\"alignnone  wp-image-24490\" src=\"http:\/\/facilere.it\/blog\/wp-content\/uploads\/2021\/02\/accademia.png\" alt=\"\" width=\"271\" height=\"152\" \/><\/p>\n<p><strong>Accademia- Agenti Immobiliari Qualificati<\/strong> \u00e8 un \u201cSistema di qualificazione professionale\u201d con didattica certificata, che permette agli Agenti Immobiliari di qualificarsi attraverso un percorso formativo on-line di facile utilizzo e adatto\u00a0alle esigenze dell\u2019utenza.<\/p>\n<p><img loading=\"lazy\" decoding=\"async\" class=\"alignnone  wp-image-24491\" src=\"http:\/\/facilere.it\/blog\/wp-content\/uploads\/2021\/02\/piattaforma.png\" alt=\"\" width=\"248\" height=\"180\" srcset=\"https:\/\/www.facilere.it\/blog\/wp-content\/uploads\/2021\/02\/piattaforma.png 438w, https:\/\/www.facilere.it\/blog\/wp-content\/uploads\/2021\/02\/piattaforma-300x218.png 300w\" sizes=\"auto, (max-width: 248px) 100vw, 248px\" \/><\/p>\n<p><strong>Piattaforma Immobiliare<\/strong>, il gestionale che \u00e8 pi\u00f9 di un gestionale in quanto all\u2019interno ha un vero e proprio mondo di servizi a completa disposizione con i quali migliorare, implementare e organizzare la tua attivit\u00e0 di agente immobiliare. Utilizzabile sia da PC sia da Tablet per una mobilit\u00e0 e flessibilit\u00e0 che si adatta a tutte le esigenze.<\/p>\n<p><img loading=\"lazy\" decoding=\"async\" class=\"alignnone size-full wp-image-24489\" src=\"http:\/\/facilere.it\/blog\/wp-content\/uploads\/2021\/02\/webinar.png\" alt=\"\" width=\"241\" height=\"143\" \/><\/p>\n<p><strong>Webinar Immobiliare <\/strong>Oltre 30\u00a0Formatori e professionisti esperti, al servizio di voi agenti immobiliari, per un anno di dirette live.<br \/> Un concentrato di conoscenze e competenze direttamente sul tuo pc o tablet. La prima formazione in streaming del settore immobiliare.<\/p>\n<p>[\/et_pb_text][\/et_pb_column][\/et_pb_row][\/et_pb_section]<\/p>\n","protected":false},"excerpt":{"rendered":"<p>FacileRE \u00e8 il nuovo brand di BBC Solution che raggruppa tutti i servizi sviluppati in oltre 15 anni di esperienza. L&#8217;azienda, nata nel 2006, \u00e8 costituita da un team di esperti con specifiche competenze del settore immobiliare, delle moderne tecniche informatiche e del mondo internet, leader nel fornire servizi e soluzioni in cloud e on-line. [&hellip;]<\/p>\n","protected":false},"author":1,"featured_media":0,"parent":0,"menu_order":0,"comment_status":"closed","ping_status":"closed","template":"","meta":{"_et_pb_use_builder":"on","_et_pb_old_content":"<strong>FacileRE \u00e8 il nuovo brand di BBC Solution che raggruppa tutti i servizi sviluppati in oltre 15 anni di esperienza.<\/strong>\r\n\r\nL'azienda, nata nel 2006, \u00e8 costituita da un team di esperti con specifiche competenze del settore immobiliare, delle moderne tecniche informatiche e del mondo internet, leader nel fornire servizi e soluzioni in cloud e on-line.\r\n\r\nBBC Solution lavora sia con singole agenzie che in modalit\u00e0 B2B collaborando con i pi\u00f9 importanti gruppi e portali del settore, con prodotti sempre all'avanguardia e pensati per dare strumenti che permettano di ottimizzare il proprio lavoro.\r\n\r\nFacileRE nasce dalla necessit\u00e0 di voler raggruppare in un unico brand una gamma di servizi essenziali per il ruolo di agente immobiliare sempre alla portata di tutti grazie alla sua tecnologia intuitiva ed accattivante.\r\n\r\nNato dall\u2019acronimo di Real Estate e la parola Facile, aggettivo che vuole rappresentare i servizi offerti dal nuovo brand, si basa sui solidi pilastri della semplicit\u00e0 dell\u2019utilizzo e del risparmio del tempo dell\u2019agente immobiliare.\r\n\r\n<strong>\u00a0\u00a0\u00a0<img class=\"alignnone  wp-image-24492\" src=\"http:\/\/facilere.it\/blog\/wp-content\/uploads\/2021\/02\/soluzioneportali.png\" alt=\"\" width=\"426\" height=\"73\" \/><\/strong>\r\n\r\n<strong>Soluzione Portali<\/strong> \u00e8 un servizio facile e dinamico che ti aiuta, grazie a pochi e semplici passaggi, a promuovere i tuoi annunci immobiliari su decine di portali nazionali facendoti risparmiare tempo prezioso per la tua attivit\u00e0.\r\n\r\n<img class=\"alignnone  wp-image-24490\" src=\"http:\/\/facilere.it\/blog\/wp-content\/uploads\/2021\/02\/accademia.png\" alt=\"\" width=\"271\" height=\"152\" \/>\r\n\r\n<strong>Accademia- Agenti Immobiliari Qualificati<\/strong> \u00e8 un \u201cSistema di qualificazione professionale\u201d con didattica certificata, che permette agli Agenti Immobiliari di qualificarsi attraverso un percorso formativo on-line di facile utilizzo e adatto\u00a0alle esigenze dell\u2019utenza.\r\n\r\n<img class=\"alignnone  wp-image-24491\" src=\"http:\/\/facilere.it\/blog\/wp-content\/uploads\/2021\/02\/piattaforma.png\" alt=\"\" width=\"248\" height=\"180\" \/>\r\n\r\n<strong>Piattaforma Immobiliare<\/strong>, il gestionale che \u00e8 pi\u00f9 di un gestionale in quanto all\u2019interno ha un vero e proprio mondo di servizi a completa disposizione con i quali migliorare, implementare e organizzare la tua attivit\u00e0 di agente immobiliare. Utilizzabile sia da PC sia da Tablet per una mobilit\u00e0 e flessibilit\u00e0 che si adatta a tutte le esigenze.\r\n\r\n<img class=\"alignnone size-full wp-image-24489\" src=\"http:\/\/facilere.it\/blog\/wp-content\/uploads\/2021\/02\/webinar.png\" alt=\"\" width=\"241\" height=\"143\" \/>\r\n\r\n<strong>Webinar Immobiliare <\/strong>Oltre 30\u00a0Formatori e professionisti esperti, al servizio di voi agenti immobiliari, per un anno di dirette live.\r\nUn concentrato di conoscenze e competenze direttamente sul tuo pc o tablet. La prima formazione in streaming del settore immobiliare.","_et_gb_content_width":"","footnotes":""},"class_list":["post-24357","page","type-page","status-publish","hentry"],"yoast_head":"<!-- This site is optimized with the Yoast SEO plugin v25.1 - https:\/\/yoast.com\/wordpress\/plugins\/seo\/ -->\n<title>Chi Siamo - FacileRE<\/title>\n<meta name=\"robots\" content=\"index, follow, max-snippet:-1, max-image-preview:large, max-video-preview:-1\" \/>\n<link rel=\"canonical\" href=\"https:\/\/www.facilere.it\/blog\/chi-siamo\/\" \/>\n<meta property=\"og:locale\" content=\"it_IT\" \/>\n<meta property=\"og:type\" content=\"article\" \/>\n<meta property=\"og:title\" content=\"Chi Siamo - FacileRE\" \/>\n<meta property=\"og:description\" content=\"FacileRE \u00e8 il nuovo brand di BBC Solution che raggruppa tutti i servizi sviluppati in oltre 15 anni di esperienza. L&#039;azienda, nata nel 2006, \u00e8 costituita da un team di esperti con specifiche competenze del settore immobiliare, delle moderne tecniche informatiche e del mondo internet, leader nel fornire servizi e soluzioni in cloud e on-line. [&hellip;]\" \/>\n<meta property=\"og:url\" content=\"https:\/\/www.facilere.it\/blog\/chi-siamo\/\" \/>\n<meta property=\"og:site_name\" content=\"FacileRE\" \/>\n<meta property=\"article:modified_time\" content=\"2021-02-12T23:34:34+00:00\" \/>\n<meta property=\"og:image\" content=\"http:\/\/facilere.it\/blog\/wp-content\/uploads\/2021\/02\/soluzioneportali.png\" \/>\n<meta name=\"twitter:card\" content=\"summary_large_image\" \/>\n<meta name=\"twitter:label1\" content=\"Tempo di lettura stimato\" \/>\n\t<meta name=\"twitter:data1\" content=\"2 minuti\" \/>\n<script type=\"application\/ld+json\" class=\"yoast-schema-graph\">{\"@context\":\"https:\/\/schema.org\",\"@graph\":[{\"@type\":\"WebPage\",\"@id\":\"https:\/\/www.facilere.it\/blog\/chi-siamo\/\",\"url\":\"https:\/\/www.facilere.it\/blog\/chi-siamo\/\",\"name\":\"Chi Siamo - FacileRE\",\"isPartOf\":{\"@id\":\"https:\/\/www.facilere.it\/blog\/#website\"},\"primaryImageOfPage\":{\"@id\":\"https:\/\/www.facilere.it\/blog\/chi-siamo\/#primaryimage\"},\"image\":{\"@id\":\"https:\/\/www.facilere.it\/blog\/chi-siamo\/#primaryimage\"},\"thumbnailUrl\":\"http:\/\/facilere.it\/blog\/wp-content\/uploads\/2021\/02\/soluzioneportali.png\",\"datePublished\":\"2021-01-05T22:31:33+00:00\",\"dateModified\":\"2021-02-12T23:34:34+00:00\",\"breadcrumb\":{\"@id\":\"https:\/\/www.facilere.it\/blog\/chi-siamo\/#breadcrumb\"},\"inLanguage\":\"it-IT\",\"potentialAction\":[{\"@type\":\"ReadAction\",\"target\":[\"https:\/\/www.facilere.it\/blog\/chi-siamo\/\"]}]},{\"@type\":\"ImageObject\",\"inLanguage\":\"it-IT\",\"@id\":\"https:\/\/www.facilere.it\/blog\/chi-siamo\/#primaryimage\",\"url\":\"http:\/\/facilere.it\/blog\/wp-content\/uploads\/2021\/02\/soluzioneportali.png\",\"contentUrl\":\"http:\/\/facilere.it\/blog\/wp-content\/uploads\/2021\/02\/soluzioneportali.png\"},{\"@type\":\"BreadcrumbList\",\"@id\":\"https:\/\/www.facilere.it\/blog\/chi-siamo\/#breadcrumb\",\"itemListElement\":[{\"@type\":\"ListItem\",\"position\":1,\"name\":\"Home\",\"item\":\"https:\/\/www.facilere.it\/blog\/\"},{\"@type\":\"ListItem\",\"position\":2,\"name\":\"Chi Siamo\"}]},{\"@type\":\"WebSite\",\"@id\":\"https:\/\/www.facilere.it\/blog\/#website\",\"url\":\"https:\/\/www.facilere.it\/blog\/\",\"name\":\"FacileRE\",\"description\":\"\",\"potentialAction\":[{\"@type\":\"SearchAction\",\"target\":{\"@type\":\"EntryPoint\",\"urlTemplate\":\"https:\/\/www.facilere.it\/blog\/?s={search_term_string}\"},\"query-input\":{\"@type\":\"PropertyValueSpecification\",\"valueRequired\":true,\"valueName\":\"search_term_string\"}}],\"inLanguage\":\"it-IT\"}]}<\/script>\n<!-- \/ Yoast SEO plugin. -->","yoast_head_json":{"title":"Chi Siamo - FacileRE","robots":{"index":"index","follow":"follow","max-snippet":"max-snippet:-1","max-image-preview":"max-image-preview:large","max-video-preview":"max-video-preview:-1"},"canonical":"https:\/\/www.facilere.it\/blog\/chi-siamo\/","og_locale":"it_IT","og_type":"article","og_title":"Chi Siamo - FacileRE","og_description":"FacileRE \u00e8 il nuovo brand di BBC Solution che raggruppa tutti i servizi sviluppati in oltre 15 anni di esperienza. L'azienda, nata nel 2006, \u00e8 costituita da un team di esperti con specifiche competenze del settore immobiliare, delle moderne tecniche informatiche e del mondo internet, leader nel fornire servizi e soluzioni in cloud e on-line. [&hellip;]","og_url":"https:\/\/www.facilere.it\/blog\/chi-siamo\/","og_site_name":"FacileRE","article_modified_time":"2021-02-12T23:34:34+00:00","og_image":[{"url":"http:\/\/facilere.it\/blog\/wp-content\/uploads\/2021\/02\/soluzioneportali.png","type":"","width":"","height":""}],"twitter_card":"summary_large_image","twitter_misc":{"Tempo di lettura stimato":"2 minuti"},"schema":{"@context":"https:\/\/schema.org","@graph":[{"@type":"WebPage","@id":"https:\/\/www.facilere.it\/blog\/chi-siamo\/","url":"https:\/\/www.facilere.it\/blog\/chi-siamo\/","name":"Chi Siamo - FacileRE","isPartOf":{"@id":"https:\/\/www.facilere.it\/blog\/#website"},"primaryImageOfPage":{"@id":"https:\/\/www.facilere.it\/blog\/chi-siamo\/#primaryimage"},"image":{"@id":"https:\/\/www.facilere.it\/blog\/chi-siamo\/#primaryimage"},"thumbnailUrl":"http:\/\/facilere.it\/blog\/wp-content\/uploads\/2021\/02\/soluzioneportali.png","datePublished":"2021-01-05T22:31:33+00:00","dateModified":"2021-02-12T23:34:34+00:00","breadcrumb":{"@id":"https:\/\/www.facilere.it\/blog\/chi-siamo\/#breadcrumb"},"inLanguage":"it-IT","potentialAction":[{"@type":"ReadAction","target":["https:\/\/www.facilere.it\/blog\/chi-siamo\/"]}]},{"@type":"ImageObject","inLanguage":"it-IT","@id":"https:\/\/www.facilere.it\/blog\/chi-siamo\/#primaryimage","url":"http:\/\/facilere.it\/blog\/wp-content\/uploads\/2021\/02\/soluzioneportali.png","contentUrl":"http:\/\/facilere.it\/blog\/wp-content\/uploads\/2021\/02\/soluzioneportali.png"},{"@type":"BreadcrumbList","@id":"https:\/\/www.facilere.it\/blog\/chi-siamo\/#breadcrumb","itemListElement":[{"@type":"ListItem","position":1,"name":"Home","item":"https:\/\/www.facilere.it\/blog\/"},{"@type":"ListItem","position":2,"name":"Chi Siamo"}]},{"@type":"WebSite","@id":"https:\/\/www.facilere.it\/blog\/#website","url":"https:\/\/www.facilere.it\/blog\/","name":"FacileRE","description":"","potentialAction":[{"@type":"SearchAction","target":{"@type":"EntryPoint","urlTemplate":"https:\/\/www.facilere.it\/blog\/?s={search_term_string}"},"query-input":{"@type":"PropertyValueSpecification","valueRequired":true,"valueName":"search_term_string"}}],"inLanguage":"it-IT"}]}},"_links":{"self":[{"href":"https:\/\/www.facilere.it\/blog\/wp-json\/wp\/v2\/pages\/24357","targetHints":{"allow":["GET"]}}],"collection":[{"href":"https:\/\/www.facilere.it\/blog\/wp-json\/wp\/v2\/pages"}],"about":[{"href":"https:\/\/www.facilere.it\/blog\/wp-json\/wp\/v2\/types\/page"}],"author":[{"embeddable":true,"href":"https:\/\/www.facilere.it\/blog\/wp-json\/wp\/v2\/users\/1"}],"replies":[{"embeddable":true,"href":"https:\/\/www.facilere.it\/blog\/wp-json\/wp\/v2\/comments?post=24357"}],"version-history":[{"count":5,"href":"https:\/\/www.facilere.it\/blog\/wp-json\/wp\/v2\/pages\/24357\/revisions"}],"predecessor-version":[{"id":24534,"href":"https:\/\/www.facilere.it\/blog\/wp-json\/wp\/v2\/pages\/24357\/revisions\/24534"}],"wp:attachment":[{"href":"https:\/\/www.facilere.it\/blog\/wp-json\/wp\/v2\/media?parent=24357"}],"curies":[{"name":"wp","href":"https:\/\/api.w.org\/{rel}","templated":true}]}}