{"id":3057,"date":"2015-06-05T18:24:09","date_gmt":"2015-06-05T18:24:09","guid":{"rendered":"http:\/\/www.portaliimmobiliari.net\/?page_id=3057"},"modified":"2021-03-17T22:58:01","modified_gmt":"2021-03-17T22:58:01","slug":"cookiepolicy","status":"publish","type":"page","link":"https:\/\/www.facilere.it\/blog\/cookiepolicy\/","title":{"rendered":"Cookie Policy"},"content":{"rendered":"<h1>Politica di gestione dei cookies<\/h1>\n<p>BBC Solution utilizza i cookies per migliorare la tua esperienza di navigazione di questo sito<\/p>\n<h2>Cosa sono i cookies<\/h2>\n<p>Quasi la totalit\u00e0 dei siti utilizza I cookies per migliorare la navigazione e renderla pi\u00f9 veloce ed immediata.I cookies infatti sono dei semplici file di testo che vengono memorizzati nel browser del tuo computer o device, contenenti informazioni su quello che hai fatto all&#8217;interno del sito o delle pagine visitate. Un esempio classico \u00e8 il carrello della spesa che viene memorizzato sul tuo PC tramite i cookies, cos\u00ec che ogni volta che accedi nuovamente al sito, esso possa riportare le informazioni dell&#8217;ultimo accesso, senza dover ripartire con il processo di acquisto.<\/p>\n<p>Questi file vengono inviati dal server del sito che stai visitando e memorizzati nel tuo device in maniera unica e sicura. Essi infatti possono essere letti ed utilizzati solo dallo stesso server, che pu\u00f2 quindi utilizzarne le informazioni per migliorare la tua esperienza di navigazione.<\/p>\n<p>Per saperne di pi\u00f9 sui cookies puoi anche far riferimento a queste fonti<\/p>\n<div>\n<table>\n<tbody>\n<tr>\n<td>Informazioni generali sui cookies<\/td>\n<td>\u00a0www.aboutcookies.org<\/td>\n<\/tr>\n<tr>\n<td>Direttiva europea sui cookies:<\/td>\n<td>http:\/\/www.garanteprivacy.it\/web\/guest\/home\/docweb\/-\/docweb-display\/docweb\/1798132<\/td>\n<\/tr>\n<tr>\n<td>FAQ:<\/td>\n<td>http:\/\/www.garanteprivacy.it\/web\/guest\/home\/docweb\/-\/docweb-display\/docweb\/2142939<\/td>\n<\/tr>\n<tr>\n<td>Wikipedia:<\/td>\n<td>en.wikipedia.org\/wiki\/HTTP_cookie<\/td>\n<\/tr>\n<\/tbody>\n<\/table>\n<h4><\/h4>\n<\/div>\n<h2>Come utilizziamo i cookies per i nostri visitatori?<\/h2>\n<p>L&#8217;uso di c.d. cookies di sessione (che non vengono memorizzati in modo persistente sul computer dell&#8217;utente e svaniscono con la chiusura del browser) \u00e8 strettamente limitato alla trasmissione di identificativi di sessione (costituiti da numeri casuali generati dal server) necessari per consentire l&#8217;esplorazione sicura ed efficiente del sito.<\/p>\n<p>I c.d. cookies di sessione utilizzati in questo sito evitano il ricorso ad altre tecniche informatiche potenzialmente pregiudizievoli per la riservatezza della navigazione degli utenti e non consentono l&#8217;acquisizione di dati personali identificativi dell&#8217;utente<\/p>\n<p>In questo sito sono, altres\u00ec, impiegati cookies persistenti, ossia cookies che rimangono memorizzati sul disco rigido del computer fino alla loro scadenza o cancellazione da parte degli utenti\/visitatori. La cancellazione dei cookies non preclude l&#8217;utilizzo dei siti e\/o applicazioni sopra indicate.<\/p>\n<p>Tramite i cookies persistenti gli utenti che accedono al sito vengono automaticamente riconosciuti ad ogni visita.<\/p>\n<p>La cancellazione dei cookies non preclude l&#8217;utilizzo del Servizio, ma comporta la ripetizione della procedura di autenticazione, ovvero il reinserimento delle credenziali d\u2019accesso da parte dell\u2019utente.<\/p>\n<p>Se vuoi decidere di volta in volta se accettare o meno i cookie, puoi anche configurare il Tuo browser affinch\u00e9 generi un avviso ogni volta che viene salvato un cookie.<\/p>\n<p>Attenzione: la disabilitazione totale o parziale dei cookie tecnici pu\u00f2 compromettere l&#8217;utilizzo delle funzionalit\u00e0 del sito riservate agli utenti registrati. Al contrario, la fruibilit\u00e0 dei contenuti pubblici \u00e8 possibile anche disabilitando completamente i cookies.<\/p>\n<p>La disabilitazione dei cookie \u201cterze parti\u201d non pregiudica in alcun modo la navigabilit\u00e0.<\/p>\n<p>Il sito consente la trasmissione di cookies di siti o di web server diversi (c.d. cookies di &#8220;terze parti&#8221;) che l&#8217;utente potrebbe ricevere sul suo terminale: ci\u00f2 accade perch\u00e9 sul sito possono essere presenti elementi come, ad esempio, immagini, mappe, suoni, specifici link a pagine web di altri domini che risiedono su server diversi da quello sul quale si trova la pagina richiesta. In altre parole, detti cookies sono impostati direttamente da gestori di siti web o servers diversi dal nostro sito.<\/p>\n<p>BBC Solution \u00e8 estranea all\u2019operativit\u00e0 dei \u201ccookies di terze parti\u201d, il cui funzionamento rientra nella responsabilit\u00e0 di tali terze parti.<\/p>\n<p>BBC Solution utilizza solo cookies sicuri, con limitate informazioni personali, e limitatamente a quanto necessario per migliorare il prodotto ed il sito, e per fornire informazioni di marketing e pubblicitarie mirate e coerenti con il tuo profilo.<\/p>\n<p>Di seguito riportiamo la lista completa dei cookies utilizzati<\/p>\n<div><\/div>\n<div>\n<table>\n<tbody>\n<tr>\n<td><strong>Nome del cookie<\/strong><\/td>\n<td><strong>Tipo di Cookie<\/strong><\/td>\n<td><strong>Scopo del Cookie<\/strong><\/td>\n<td><strong>Potenziale intrusivit\u00e0 verso l&#8217;utente<\/strong><\/td>\n<td><strong>Durata del Cookie<\/strong><\/td>\n<td><strong>Sezione<\/strong><\/td>\n<\/tr>\n<tr>\n<td>Session ID Tag<\/td>\n<td>First Party<\/td>\n<td>Per tracciare e ricordare I prodotti cercati, visionati e aggiunti al carrello della spesa durante l&#8217;ultima sessione.<\/td>\n<td>Bassa<\/td>\n<td>30 giorni max<\/td>\n<td>Performance Cookie<\/td>\n<\/tr>\n<tr>\n<td>Google Analytics<\/td>\n<td>Third Party<\/td>\n<td>Per misurare l&#8217;utilizzo e le prestazioni del nostro sito e assicurarci quindi di dare ai nostri utenti la miglior esperienza possibile<\/td>\n<td>Bassa<\/td>\n<td>60 giorni max<\/td>\n<td>Performance Cookie<\/td>\n<\/tr>\n<tr>\n<td>Google AdWords Conversion Tracking<\/td>\n<td>Third Party<\/td>\n<td>Per misurare il funzionamento delle campagne di promozione tramite Google AdWords<\/td>\n<td>Bassa<\/td>\n<td>60 giorni max<\/td>\n<td>Performance Cookie<\/td>\n<\/tr>\n<tr>\n<td>Google AdWords ReMarketing Tags<\/td>\n<td>Third Party<\/td>\n<td>Per permettere a VeniceBox.it di fornire ai visitatori informazioni pubblicitarie mirate in base alla navigazione che essi hanno presso altri siti nella Google Display Network<\/td>\n<td>Media<\/td>\n<td>60 giorni max<\/td>\n<td>Behavourial Advertising Cookie<\/td>\n<\/tr>\n<\/tbody>\n<\/table>\n<h4><\/h4>\n<h2>Posso rimuovere i cookies dal mio computer o device?<\/h2>\n<\/div>\n<p>Certamente si. E&#8217; possibile farlo eliminando la cronologia ed i contenuti navigati dal tuo browser, in qualsiasi momento. Verifica nelle istruzioni d&#8217;uso del tuo browser o device come cancellare i cookies e come impostare eventuali filtri sulla loro memorizzazione.<\/p>\n<p>Gli utenti possono impostare il browser del computer o dispositivo mobile in modo tale che accetti\/rifiuti tutti i cookies o visualizzi un avviso ogni qualvolta \u00e8 memorizzato un cookie, per poter valutare se accettarlo o meno.<\/p>\n<p>Per default quasi tutti i browser web sono impostati per accettare automaticamente i cookie.<\/p>\n<p>L\u2019utente pu\u00f2 comunque modificare la configurazione predefinita. Di seguito i riferimenti per impostare la gestione dei cookies per i principale browser:<\/p>\n<p>\u00b7 \u00a0 \u00a0 \u00a0 \u00a0 Internet Explorer: http:\/\/support.microsoft.com\/gp\/cookies\/en<\/p>\n<p>\u00b7 \u00a0 \u00a0 \u00a0 \u00a0 Firefox: https:\/\/support.mozilla.org\/it\/kb\/Gestione%20dei%20cookie<\/p>\n<p>\u00b7 \u00a0 \u00a0 \u00a0 \u00a0 Chrome: https:\/\/support.google.com\/chrome\/answer\/95647?hl=it<\/p>\n<p>\u00b7 \u00a0 \u00a0 \u00a0 \u00a0 Safari: https:\/\/support.apple.com\/it-it\/HT201265<\/p>\n<p>\u00b7 \u00a0 \u00a0 \u00a0 \u00a0 Opera: http:\/\/help.opera.com\/Windows\/10.00\/it\/cookies.html<\/p>\n<p>&nbsp;<\/p>\n","protected":false},"excerpt":{"rendered":"<p>Politica di gestione dei cookies BBC Solution utilizza i cookies per migliorare la tua esperienza di navigazione di questo sito Cosa sono i cookies Quasi la totalit\u00e0 dei siti utilizza I cookies per migliorare la navigazione e renderla pi\u00f9 veloce ed immediata.I cookies infatti sono dei semplici file di testo che vengono memorizzati nel browser [&hellip;]<\/p>\n","protected":false},"author":1,"featured_media":0,"parent":0,"menu_order":0,"comment_status":"open","ping_status":"closed","template":"","meta":{"_et_pb_use_builder":"","_et_pb_old_content":"","_et_gb_content_width":"","footnotes":""},"class_list":["post-3057","page","type-page","status-publish","hentry"],"yoast_head":"<!-- This site is optimized with the Yoast SEO plugin v25.1 - https:\/\/yoast.com\/wordpress\/plugins\/seo\/ -->\n<title>Cookie Policy - FacileRE<\/title>\n<meta name=\"robots\" content=\"index, follow, max-snippet:-1, max-image-preview:large, max-video-preview:-1\" \/>\n<link rel=\"canonical\" href=\"https:\/\/www.facilere.it\/blog\/cookiepolicy\/\" \/>\n<meta property=\"og:locale\" content=\"it_IT\" \/>\n<meta property=\"og:type\" content=\"article\" \/>\n<meta property=\"og:title\" content=\"Cookie Policy - FacileRE\" \/>\n<meta property=\"og:description\" content=\"Politica di gestione dei cookies BBC Solution utilizza i cookies per migliorare la tua esperienza di navigazione di questo sito Cosa sono i cookies Quasi la totalit\u00e0 dei siti utilizza I cookies per migliorare la navigazione e renderla pi\u00f9 veloce ed immediata.I cookies infatti sono dei semplici file di testo che vengono memorizzati nel browser [&hellip;]\" \/>\n<meta property=\"og:url\" content=\"https:\/\/www.facilere.it\/blog\/cookiepolicy\/\" \/>\n<meta property=\"og:site_name\" content=\"FacileRE\" \/>\n<meta property=\"article:modified_time\" content=\"2021-03-17T22:58:01+00:00\" \/>\n<meta name=\"twitter:card\" content=\"summary_large_image\" \/>\n<meta name=\"twitter:label1\" content=\"Tempo di lettura stimato\" \/>\n\t<meta name=\"twitter:data1\" content=\"5 minuti\" \/>\n<script type=\"application\/ld+json\" class=\"yoast-schema-graph\">{\"@context\":\"https:\/\/schema.org\",\"@graph\":[{\"@type\":\"WebPage\",\"@id\":\"https:\/\/www.facilere.it\/blog\/cookiepolicy\/\",\"url\":\"https:\/\/www.facilere.it\/blog\/cookiepolicy\/\",\"name\":\"Cookie Policy - FacileRE\",\"isPartOf\":{\"@id\":\"https:\/\/www.facilere.it\/blog\/#website\"},\"datePublished\":\"2015-06-05T18:24:09+00:00\",\"dateModified\":\"2021-03-17T22:58:01+00:00\",\"breadcrumb\":{\"@id\":\"https:\/\/www.facilere.it\/blog\/cookiepolicy\/#breadcrumb\"},\"inLanguage\":\"it-IT\",\"potentialAction\":[{\"@type\":\"ReadAction\",\"target\":[\"https:\/\/www.facilere.it\/blog\/cookiepolicy\/\"]}]},{\"@type\":\"BreadcrumbList\",\"@id\":\"https:\/\/www.facilere.it\/blog\/cookiepolicy\/#breadcrumb\",\"itemListElement\":[{\"@type\":\"ListItem\",\"position\":1,\"name\":\"Home\",\"item\":\"https:\/\/www.facilere.it\/blog\/\"},{\"@type\":\"ListItem\",\"position\":2,\"name\":\"Cookie Policy\"}]},{\"@type\":\"WebSite\",\"@id\":\"https:\/\/www.facilere.it\/blog\/#website\",\"url\":\"https:\/\/www.facilere.it\/blog\/\",\"name\":\"FacileRE\",\"description\":\"\",\"potentialAction\":[{\"@type\":\"SearchAction\",\"target\":{\"@type\":\"EntryPoint\",\"urlTemplate\":\"https:\/\/www.facilere.it\/blog\/?s={search_term_string}\"},\"query-input\":{\"@type\":\"PropertyValueSpecification\",\"valueRequired\":true,\"valueName\":\"search_term_string\"}}],\"inLanguage\":\"it-IT\"}]}<\/script>\n<!-- \/ Yoast SEO plugin. -->","yoast_head_json":{"title":"Cookie Policy - FacileRE","robots":{"index":"index","follow":"follow","max-snippet":"max-snippet:-1","max-image-preview":"max-image-preview:large","max-video-preview":"max-video-preview:-1"},"canonical":"https:\/\/www.facilere.it\/blog\/cookiepolicy\/","og_locale":"it_IT","og_type":"article","og_title":"Cookie Policy - FacileRE","og_description":"Politica di gestione dei cookies BBC Solution utilizza i cookies per migliorare la tua esperienza di navigazione di questo sito Cosa sono i cookies Quasi la totalit\u00e0 dei siti utilizza I cookies per migliorare la navigazione e renderla pi\u00f9 veloce ed immediata.I cookies infatti sono dei semplici file di testo che vengono memorizzati nel browser [&hellip;]","og_url":"https:\/\/www.facilere.it\/blog\/cookiepolicy\/","og_site_name":"FacileRE","article_modified_time":"2021-03-17T22:58:01+00:00","twitter_card":"summary_large_image","twitter_misc":{"Tempo di lettura stimato":"5 minuti"},"schema":{"@context":"https:\/\/schema.org","@graph":[{"@type":"WebPage","@id":"https:\/\/www.facilere.it\/blog\/cookiepolicy\/","url":"https:\/\/www.facilere.it\/blog\/cookiepolicy\/","name":"Cookie Policy - FacileRE","isPartOf":{"@id":"https:\/\/www.facilere.it\/blog\/#website"},"datePublished":"2015-06-05T18:24:09+00:00","dateModified":"2021-03-17T22:58:01+00:00","breadcrumb":{"@id":"https:\/\/www.facilere.it\/blog\/cookiepolicy\/#breadcrumb"},"inLanguage":"it-IT","potentialAction":[{"@type":"ReadAction","target":["https:\/\/www.facilere.it\/blog\/cookiepolicy\/"]}]},{"@type":"BreadcrumbList","@id":"https:\/\/www.facilere.it\/blog\/cookiepolicy\/#breadcrumb","itemListElement":[{"@type":"ListItem","position":1,"name":"Home","item":"https:\/\/www.facilere.it\/blog\/"},{"@type":"ListItem","position":2,"name":"Cookie Policy"}]},{"@type":"WebSite","@id":"https:\/\/www.facilere.it\/blog\/#website","url":"https:\/\/www.facilere.it\/blog\/","name":"FacileRE","description":"","potentialAction":[{"@type":"SearchAction","target":{"@type":"EntryPoint","urlTemplate":"https:\/\/www.facilere.it\/blog\/?s={search_term_string}"},"query-input":{"@type":"PropertyValueSpecification","valueRequired":true,"valueName":"search_term_string"}}],"inLanguage":"it-IT"}]}},"_links":{"self":[{"href":"https:\/\/www.facilere.it\/blog\/wp-json\/wp\/v2\/pages\/3057","targetHints":{"allow":["GET"]}}],"collection":[{"href":"https:\/\/www.facilere.it\/blog\/wp-json\/wp\/v2\/pages"}],"about":[{"href":"https:\/\/www.facilere.it\/blog\/wp-json\/wp\/v2\/types\/page"}],"author":[{"embeddable":true,"href":"https:\/\/www.facilere.it\/blog\/wp-json\/wp\/v2\/users\/1"}],"replies":[{"embeddable":true,"href":"https:\/\/www.facilere.it\/blog\/wp-json\/wp\/v2\/comments?post=3057"}],"version-history":[{"count":1,"href":"https:\/\/www.facilere.it\/blog\/wp-json\/wp\/v2\/pages\/3057\/revisions"}],"predecessor-version":[{"id":24652,"href":"https:\/\/www.facilere.it\/blog\/wp-json\/wp\/v2\/pages\/3057\/revisions\/24652"}],"wp:attachment":[{"href":"https:\/\/www.facilere.it\/blog\/wp-json\/wp\/v2\/media?parent=3057"}],"curies":[{"name":"wp","href":"https:\/\/api.w.org\/{rel}","templated":true}]}}